{"id":49,"date":"2022-02-09T09:36:51","date_gmt":"2022-02-09T08:36:51","guid":{"rendered":"http:\/\/serwer2138035.home.pl\/autoinstalator\/wordpress1\/?page_id=49"},"modified":"2025-05-04T11:37:50","modified_gmt":"2025-05-04T09:37:50","slug":"rafting-na-dunajcu-2","status":"publish","type":"page","link":"https:\/\/www.loplanrafting.pl\/index.php\/rafting-na-dunajcu-2\/","title":{"rendered":"Kilka s\u0142\u00f3w o nas\u2026"},"content":{"rendered":"\n<h2 class=\"wp-block-heading\"><\/h2>\n\n<!-- Google Tag Manager -->\n<script>(function(w,d,s,l,i){w[l]=w[l]||[];w[l].push({'gtm.start':\nnew Date().getTime(),event:'gtm.js'});var f=d.getElementsByTagName(s)[0],\nj=d.createElement(s),dl=l!='dataLayer'?'&l='+l:'';j.async=true;j.src=\n'https:\/\/www.googletagmanager.com\/gtm.js?id='+i+dl;f.parentNode.insertBefore(j,f);\n})(window,document,'script','dataLayer','GTM-KJ3GVNCR');<\/script>\n<!-- End Google Tag Manager -->\n<!-- Google Tag Manager (noscript) -->\n<noscript><iframe src=\"https:\/\/www.googletagmanager.com\/ns.html?id=GTM-KJ3GVNCR\"\nheight=\"0\" width=\"0\" style=\"display:none;visibility:hidden\"><\/iframe><\/noscript>\n<!-- End Google Tag Manager (noscript) -->\n\n<p>loplanrafting.pl jest to rozwijaj\u0105ca si\u0119 firma, kt\u00f3ra zapewni profesjonaln\u0105 obs\u0142ug\u0119 podczas sp\u0142ywu oraz innych atrakcji w naszej ofercie. Mamy d\u0142ugie do\u015bwiadczenie w prowadzeniu sp\u0142yw\u00f3w od 1993 roku. Jako w\u0142a\u015bciciel firmy jestem z 4 pokolenia flisak\u00f3w Pieni\u0144skich (rodzinna profesja). W ofercie wypo\u017cyczenie kajak\u00f3w 2-6 osobowych lub sp\u0142yw pontonami 10 osobowymi z do\u015bwiadczonym sternikiem. Oferujemy r\u00f3wnie\u017c transport osobowy na pocz\u0105tek sp\u0142ywu lub po odbi\u00f3r samochodu.<\/p>\n\n\n\n<p>Nasza firma profesjonalnie&nbsp;zorganizuje sp\u0142yw Dunajcem w pi\u0119knej dzikiej przyrodzie Pienin. G\u00f3rska rzeka o zr\u00f3\u017cnicowanym nurcie dostarcza wiele emocji, wspomnie\u0144 i prze\u017cy\u0107, a przede wszystkim adrenaliny, kt\u00f3rej szuka ka\u017cdy z nas.&nbsp; Sp\u0142yw Dunajcem to atrakcja dla ludzi w ka\u017cdym wieku.<br>Rafting&nbsp; w malowniczych Pieninach to przede wszystkim dobra zabawa, moc niezapomnianych wra\u017ce\u0144, oraz kontakt z dzik\u0105 przyrod\u0105 z innej perspektywy.<\/p>\n\n\n\n<h4 class=\"wp-block-heading\">Z nami prze\u017cyjesz NIEZAPOMNIAN\u0104 przygod\u0119 i poznasz pi\u0119kno Pienin !!<\/h4>\n\n\n<div class=\"wp-block-image is-style-default\">\n<figure class=\"alignleft size-large\"><img loading=\"lazy\" decoding=\"async\" width=\"1024\" height=\"595\" src=\"http:\/\/www.loplanrafting.pl\/wp-content\/uploads\/2022\/02\/onas-1024x595.jpg\" alt=\"\" class=\"wp-image-331\" srcset=\"https:\/\/www.loplanrafting.pl\/wp-content\/uploads\/2022\/02\/onas-1024x595.jpg 1024w, https:\/\/www.loplanrafting.pl\/wp-content\/uploads\/2022\/02\/onas-300x174.jpg 300w, https:\/\/www.loplanrafting.pl\/wp-content\/uploads\/2022\/02\/onas-768x446.jpg 768w, https:\/\/www.loplanrafting.pl\/wp-content\/uploads\/2022\/02\/onas-1536x892.jpg 1536w, https:\/\/www.loplanrafting.pl\/wp-content\/uploads\/2022\/02\/onas-2048x1190.jpg 2048w\" sizes=\"auto, (max-width: 1024px) 100vw, 1024px\" \/><\/figure><\/div>","protected":false},"excerpt":{"rendered":"<p>loplanrafting.pl jest to rozwijaj\u0105ca si\u0119 firma, kt\u00f3ra zapewni profesjonaln\u0105 obs\u0142ug\u0119 podczas sp\u0142ywu oraz innych atrakcji w naszej ofercie. Mamy d\u0142ugie do\u015bwiadczenie w prowadzeniu sp\u0142yw\u00f3w od 1993 roku. Jako w\u0142a\u015bciciel firmy &#8230;<\/p>\n","protected":false},"author":1,"featured_media":0,"parent":0,"menu_order":0,"comment_status":"closed","ping_status":"closed","template":"","meta":{"footnotes":""},"class_list":["post-49","page","type-page","status-publish","hentry"],"yoast_head":"<!-- This site is optimized with the Yoast SEO Premium plugin v25.1 (Yoast SEO v25.1) - https:\/\/yoast.com\/wordpress\/plugins\/seo\/ -->\n<title>Sp\u0142yw Dunajcem kajaki rafting pontonem loplanrafting.pl<\/title>\n<meta name=\"description\" content=\"NASZA OFERTA - sp\u0142yw kajakiem lub pontonem przez Prze\u0142om Dunajca Oferujemy Pa\u0144stwu sp\u0142yw pontonem lub kajakiem jednym z najpi\u0119kniejszych w Europie prze\u0142om\u00f3w rzecznych\" \/>\n<meta name=\"robots\" content=\"index, follow, max-snippet:-1, max-image-preview:large, max-video-preview:-1\" \/>\n<link rel=\"canonical\" href=\"https:\/\/www.loplanrafting.pl\/index.php\/rafting-na-dunajcu-2\/\" \/>\n<meta property=\"og:locale\" content=\"pl_PL\" \/>\n<meta property=\"og:type\" content=\"article\" \/>\n<meta property=\"og:title\" content=\"Kilka s\u0142\u00f3w o nas\u2026\" \/>\n<meta property=\"og:description\" content=\"NASZA OFERTA - sp\u0142yw kajakiem lub pontonem przez Prze\u0142om Dunajca Oferujemy Pa\u0144stwu sp\u0142yw pontonem lub kajakiem jednym z najpi\u0119kniejszych w Europie prze\u0142om\u00f3w rzecznych\" \/>\n<meta property=\"og:url\" content=\"https:\/\/www.loplanrafting.pl\/index.php\/rafting-na-dunajcu-2\/\" \/>\n<meta property=\"og:site_name\" content=\"Lop-Lan Rafting\" \/>\n<meta property=\"article:publisher\" content=\"https:\/\/www.facebook.com\/profile.php?id=100069131384777\" \/>\n<meta property=\"article:modified_time\" content=\"2025-05-04T09:37:50+00:00\" \/>\n<meta property=\"og:image\" content=\"https:\/\/www.loplanrafting.pl\/wp-content\/uploads\/2022\/02\/onas-scaled.jpg\" \/>\n\t<meta property=\"og:image:width\" content=\"2560\" \/>\n\t<meta property=\"og:image:height\" content=\"1487\" \/>\n\t<meta property=\"og:image:type\" content=\"image\/jpeg\" \/>\n<meta name=\"twitter:card\" content=\"summary_large_image\" \/>\n<meta name=\"twitter:label1\" content=\"Szacowany czas czytania\" \/>\n\t<meta name=\"twitter:data1\" content=\"1 minuta\" \/>\n<script type=\"application\/ld+json\" class=\"yoast-schema-graph\">{\"@context\":\"https:\/\/schema.org\",\"@graph\":[{\"@type\":\"WebPage\",\"@id\":\"https:\/\/www.loplanrafting.pl\/index.php\/rafting-na-dunajcu-2\/\",\"url\":\"https:\/\/www.loplanrafting.pl\/index.php\/rafting-na-dunajcu-2\/\",\"name\":\"Sp\u0142yw Dunajcem kajaki rafting pontonem loplanrafting.pl\",\"isPartOf\":{\"@id\":\"https:\/\/www.loplanrafting.pl\/#website\"},\"primaryImageOfPage\":{\"@id\":\"https:\/\/www.loplanrafting.pl\/index.php\/rafting-na-dunajcu-2\/#primaryimage\"},\"image\":{\"@id\":\"https:\/\/www.loplanrafting.pl\/index.php\/rafting-na-dunajcu-2\/#primaryimage\"},\"thumbnailUrl\":\"http:\/\/www.loplanrafting.pl\/wp-content\/uploads\/2022\/02\/onas-1024x595.jpg\",\"datePublished\":\"2022-02-09T08:36:51+00:00\",\"dateModified\":\"2025-05-04T09:37:50+00:00\",\"description\":\"NASZA OFERTA - sp\u0142yw kajakiem lub pontonem przez Prze\u0142om Dunajca Oferujemy Pa\u0144stwu sp\u0142yw pontonem lub kajakiem jednym z najpi\u0119kniejszych w Europie prze\u0142om\u00f3w rzecznych\",\"breadcrumb\":{\"@id\":\"https:\/\/www.loplanrafting.pl\/index.php\/rafting-na-dunajcu-2\/#breadcrumb\"},\"inLanguage\":\"pl-PL\",\"potentialAction\":[{\"@type\":\"ReadAction\",\"target\":[\"https:\/\/www.loplanrafting.pl\/index.php\/rafting-na-dunajcu-2\/\"]}]},{\"@type\":\"ImageObject\",\"inLanguage\":\"pl-PL\",\"@id\":\"https:\/\/www.loplanrafting.pl\/index.php\/rafting-na-dunajcu-2\/#primaryimage\",\"url\":\"http:\/\/www.loplanrafting.pl\/wp-content\/uploads\/2022\/02\/onas-1024x595.jpg\",\"contentUrl\":\"http:\/\/www.loplanrafting.pl\/wp-content\/uploads\/2022\/02\/onas-1024x595.jpg\"},{\"@type\":\"BreadcrumbList\",\"@id\":\"https:\/\/www.loplanrafting.pl\/index.php\/rafting-na-dunajcu-2\/#breadcrumb\",\"itemListElement\":[{\"@type\":\"ListItem\",\"position\":1,\"name\":\"Strona g\u0142\u00f3wna\",\"item\":\"https:\/\/www.loplanrafting.pl\/\"},{\"@type\":\"ListItem\",\"position\":2,\"name\":\"Kilka s\u0142\u00f3w o nas\u2026\"}]},{\"@type\":\"WebSite\",\"@id\":\"https:\/\/www.loplanrafting.pl\/#website\",\"url\":\"https:\/\/www.loplanrafting.pl\/\",\"name\":\"Lop-Lan Rafting\",\"description\":\"SP\u0141YWY PRZE\u0141OMEM DUNAJCA\",\"publisher\":{\"@id\":\"https:\/\/www.loplanrafting.pl\/#organization\"},\"potentialAction\":[{\"@type\":\"SearchAction\",\"target\":{\"@type\":\"EntryPoint\",\"urlTemplate\":\"https:\/\/www.loplanrafting.pl\/?s={search_term_string}\"},\"query-input\":{\"@type\":\"PropertyValueSpecification\",\"valueRequired\":true,\"valueName\":\"search_term_string\"}}],\"inLanguage\":\"pl-PL\"},{\"@type\":\"Organization\",\"@id\":\"https:\/\/www.loplanrafting.pl\/#organization\",\"name\":\"Lop-Lan Rafting\",\"url\":\"https:\/\/www.loplanrafting.pl\/\",\"logo\":{\"@type\":\"ImageObject\",\"inLanguage\":\"pl-PL\",\"@id\":\"https:\/\/www.loplanrafting.pl\/#\/schema\/logo\/image\/\",\"url\":\"http:\/\/www.loplanrafting.pl\/wp-content\/uploads\/2024\/07\/img_20230628_121048.jpg\",\"contentUrl\":\"http:\/\/www.loplanrafting.pl\/wp-content\/uploads\/2024\/07\/img_20230628_121048.jpg\",\"width\":1250,\"height\":937,\"caption\":\"Lop-Lan Rafting\"},\"image\":{\"@id\":\"https:\/\/www.loplanrafting.pl\/#\/schema\/logo\/image\/\"},\"sameAs\":[\"https:\/\/www.facebook.com\/profile.php?id=100069131384777\"]}]}<\/script>\n<!-- \/ Yoast SEO Premium plugin. -->","yoast_head_json":{"title":"Sp\u0142yw Dunajcem kajaki rafting pontonem loplanrafting.pl","description":"NASZA OFERTA - sp\u0142yw kajakiem lub pontonem przez Prze\u0142om Dunajca Oferujemy Pa\u0144stwu sp\u0142yw pontonem lub kajakiem jednym z najpi\u0119kniejszych w Europie prze\u0142om\u00f3w rzecznych","robots":{"index":"index","follow":"follow","max-snippet":"max-snippet:-1","max-image-preview":"max-image-preview:large","max-video-preview":"max-video-preview:-1"},"canonical":"https:\/\/www.loplanrafting.pl\/index.php\/rafting-na-dunajcu-2\/","og_locale":"pl_PL","og_type":"article","og_title":"Kilka s\u0142\u00f3w o nas\u2026","og_description":"NASZA OFERTA - sp\u0142yw kajakiem lub pontonem przez Prze\u0142om Dunajca Oferujemy Pa\u0144stwu sp\u0142yw pontonem lub kajakiem jednym z najpi\u0119kniejszych w Europie prze\u0142om\u00f3w rzecznych","og_url":"https:\/\/www.loplanrafting.pl\/index.php\/rafting-na-dunajcu-2\/","og_site_name":"Lop-Lan Rafting","article_publisher":"https:\/\/www.facebook.com\/profile.php?id=100069131384777","article_modified_time":"2025-05-04T09:37:50+00:00","og_image":[{"width":2560,"height":1487,"url":"https:\/\/www.loplanrafting.pl\/wp-content\/uploads\/2022\/02\/onas-scaled.jpg","type":"image\/jpeg"}],"twitter_card":"summary_large_image","twitter_misc":{"Szacowany czas czytania":"1 minuta"},"schema":{"@context":"https:\/\/schema.org","@graph":[{"@type":"WebPage","@id":"https:\/\/www.loplanrafting.pl\/index.php\/rafting-na-dunajcu-2\/","url":"https:\/\/www.loplanrafting.pl\/index.php\/rafting-na-dunajcu-2\/","name":"Sp\u0142yw Dunajcem kajaki rafting pontonem loplanrafting.pl","isPartOf":{"@id":"https:\/\/www.loplanrafting.pl\/#website"},"primaryImageOfPage":{"@id":"https:\/\/www.loplanrafting.pl\/index.php\/rafting-na-dunajcu-2\/#primaryimage"},"image":{"@id":"https:\/\/www.loplanrafting.pl\/index.php\/rafting-na-dunajcu-2\/#primaryimage"},"thumbnailUrl":"http:\/\/www.loplanrafting.pl\/wp-content\/uploads\/2022\/02\/onas-1024x595.jpg","datePublished":"2022-02-09T08:36:51+00:00","dateModified":"2025-05-04T09:37:50+00:00","description":"NASZA OFERTA - sp\u0142yw kajakiem lub pontonem przez Prze\u0142om Dunajca Oferujemy Pa\u0144stwu sp\u0142yw pontonem lub kajakiem jednym z najpi\u0119kniejszych w Europie prze\u0142om\u00f3w rzecznych","breadcrumb":{"@id":"https:\/\/www.loplanrafting.pl\/index.php\/rafting-na-dunajcu-2\/#breadcrumb"},"inLanguage":"pl-PL","potentialAction":[{"@type":"ReadAction","target":["https:\/\/www.loplanrafting.pl\/index.php\/rafting-na-dunajcu-2\/"]}]},{"@type":"ImageObject","inLanguage":"pl-PL","@id":"https:\/\/www.loplanrafting.pl\/index.php\/rafting-na-dunajcu-2\/#primaryimage","url":"http:\/\/www.loplanrafting.pl\/wp-content\/uploads\/2022\/02\/onas-1024x595.jpg","contentUrl":"http:\/\/www.loplanrafting.pl\/wp-content\/uploads\/2022\/02\/onas-1024x595.jpg"},{"@type":"BreadcrumbList","@id":"https:\/\/www.loplanrafting.pl\/index.php\/rafting-na-dunajcu-2\/#breadcrumb","itemListElement":[{"@type":"ListItem","position":1,"name":"Strona g\u0142\u00f3wna","item":"https:\/\/www.loplanrafting.pl\/"},{"@type":"ListItem","position":2,"name":"Kilka s\u0142\u00f3w o nas\u2026"}]},{"@type":"WebSite","@id":"https:\/\/www.loplanrafting.pl\/#website","url":"https:\/\/www.loplanrafting.pl\/","name":"Lop-Lan Rafting","description":"SP\u0141YWY PRZE\u0141OMEM DUNAJCA","publisher":{"@id":"https:\/\/www.loplanrafting.pl\/#organization"},"potentialAction":[{"@type":"SearchAction","target":{"@type":"EntryPoint","urlTemplate":"https:\/\/www.loplanrafting.pl\/?s={search_term_string}"},"query-input":{"@type":"PropertyValueSpecification","valueRequired":true,"valueName":"search_term_string"}}],"inLanguage":"pl-PL"},{"@type":"Organization","@id":"https:\/\/www.loplanrafting.pl\/#organization","name":"Lop-Lan Rafting","url":"https:\/\/www.loplanrafting.pl\/","logo":{"@type":"ImageObject","inLanguage":"pl-PL","@id":"https:\/\/www.loplanrafting.pl\/#\/schema\/logo\/image\/","url":"http:\/\/www.loplanrafting.pl\/wp-content\/uploads\/2024\/07\/img_20230628_121048.jpg","contentUrl":"http:\/\/www.loplanrafting.pl\/wp-content\/uploads\/2024\/07\/img_20230628_121048.jpg","width":1250,"height":937,"caption":"Lop-Lan Rafting"},"image":{"@id":"https:\/\/www.loplanrafting.pl\/#\/schema\/logo\/image\/"},"sameAs":["https:\/\/www.facebook.com\/profile.php?id=100069131384777"]}]}},"_links":{"self":[{"href":"https:\/\/www.loplanrafting.pl\/index.php\/wp-json\/wp\/v2\/pages\/49","targetHints":{"allow":["GET"]}}],"collection":[{"href":"https:\/\/www.loplanrafting.pl\/index.php\/wp-json\/wp\/v2\/pages"}],"about":[{"href":"https:\/\/www.loplanrafting.pl\/index.php\/wp-json\/wp\/v2\/types\/page"}],"author":[{"embeddable":true,"href":"https:\/\/www.loplanrafting.pl\/index.php\/wp-json\/wp\/v2\/users\/1"}],"replies":[{"embeddable":true,"href":"https:\/\/www.loplanrafting.pl\/index.php\/wp-json\/wp\/v2\/comments?post=49"}],"version-history":[{"count":15,"href":"https:\/\/www.loplanrafting.pl\/index.php\/wp-json\/wp\/v2\/pages\/49\/revisions"}],"predecessor-version":[{"id":462,"href":"https:\/\/www.loplanrafting.pl\/index.php\/wp-json\/wp\/v2\/pages\/49\/revisions\/462"}],"wp:attachment":[{"href":"https:\/\/www.loplanrafting.pl\/index.php\/wp-json\/wp\/v2\/media?parent=49"}],"curies":[{"name":"wp","href":"https:\/\/api.w.org\/{rel}","templated":true}]}}