{"id":28,"date":"2022-01-27T12:01:21","date_gmt":"2022-01-27T11:01:21","guid":{"rendered":"http:\/\/serwer2138035.home.pl\/autoinstalator\/wordpress1\/?page_id=28"},"modified":"2025-05-25T12:50:15","modified_gmt":"2025-05-25T10:50:15","slug":"kontakt","status":"publish","type":"page","link":"https:\/\/www.loplanrafting.pl\/index.php\/kontakt\/","title":{"rendered":"KONTAKT"},"content":{"rendered":"\n<p class=\"has-black-color has-text-color\"><strong>Lop-Lan Rafting Sp\u0142ywy na Dunajcu<\/strong><\/p>\n\n\n\n<p class=\"has-black-color has-text-color\">ul. Koz\u0142eczyzna 7<\/p>\n\n\n\n<p class=\"has-black-color has-text-color\">34-450 Kro\u015bcienko nad Dunajcem<\/p>\n\n\n\n<p class=\"has-black-color has-text-color\"><a href=\"tel:+48730140540\">Telefon: +48730140540<\/a><\/p>\n\n\n\n<p class=\"has-black-color has-text-color\">e-mail: bkoterba@lop-lan.pl<\/p>\n\n\n\n<figure class=\"wp-block-image size-full is-resized is-style-default\"><a href=\"https:\/\/www.facebook.com\/Lop-Lan-Rafting-Sp%C5%82ywy-na-Dunajcu-100809265569398\/?ref=page_internal\" target=\"_blank\" rel=\"noopener\"><img loading=\"lazy\" decoding=\"async\" src=\"http:\/\/www.loplanrafting.pl\/wp-content\/uploads\/2022\/02\/Find-us-on-facebook.png\" alt=\"link do facebook\" class=\"wp-image-288\" width=\"320\" height=\"104\" srcset=\"https:\/\/www.loplanrafting.pl\/wp-content\/uploads\/2022\/02\/Find-us-on-facebook.png 640w, https:\/\/www.loplanrafting.pl\/wp-content\/uploads\/2022\/02\/Find-us-on-facebook-300x97.png 300w\" sizes=\"auto, (max-width: 320px) 100vw, 320px\" \/><\/a><\/figure>\n\n\n\n<p class=\"has-black-color has-text-color has-background has-medium-font-size\" style=\"background-color:#f2f2f2\"><strong>PRZYSTA\u0143 POCZ\u0104TKOWA:<\/strong><\/p>\n\n\n\n<iframe src=\"https:\/\/www.google.com\/maps\/embed?pb=!1m18!1m12!1m3!1d24178.70496875312!2d20.37776247200712!3d49.38764147621312!2m3!1f0!2f0!3f0!3m2!1i1024!2i768!4f13.1!3m3!1m2!1s0x5d30f7aab8ef89%3A0xa97fe7bfa6cfb0a8!2sPrzysta%C5%84%20Pontonowa!5e0!3m2!1spl!2spl!4v1645603386155!5m2!1spl!2spl\" style=\"border:0;\" allowfullscreen=\"\" loading=\"lazy\" width=\"600\" height=\"450\"><\/iframe>\n\n\n\n<p class=\"has-black-color has-text-color has-background has-medium-font-size\" style=\"background-color:#f2f2f2\"><strong>PRZYSTA\u0143 KO\u0143COWA:<\/strong><\/p>\n\n\n\n<p><a href=\"https:\/\/www.google.pl\/maps\/place\/PRZYSTANPONTONOWA.PL+kajaki+rafting\/@49.4490676,20.4191696,17z\/data=!3m1!4b1!4m6!3m5!1s0x473e0183fd1375a1:0xc935abee8b2c234!8m2!3d49.4490676!4d20.4217445!16s%2Fg%2F11lf41_w3p?entry=ttu&amp;g_ep=EgoyMDI1MDUwNy4wIKXMDSoASAFQAw%3D%3D\"><strong>Parking link Kro\u015bcienko ul. Sobieskiego<\/strong><\/a><\/p>\n\n\n\n<iframe src=\"https:\/\/www.google.com\/maps\/place\/PRZYSTANPONTONOWA.PL+kajaki+rafting\/@49.4490676,20.4217445,478m\/data=!3m2!1e3!4b1!4m6!3m5!1s0x473e0183fd1375a1:0xc935abee8b2c234!8m2!3d49.4490676!4d20.4217445!16s%2Fg%2F11lf41_w3p?entry=ttu&#038;g_ep=EgoyMDI1MDUwNy4wIKXMDSoASAFQAw%3D%3D\" style=\"border:0;\" allowfullscreen=\"\" loading=\"lazy\" width=\"600\" height=\"450\"><\/iframe>\n\n\n\n<p><a href=\"https:\/\/www.google.pl\/maps\/place\/PRZYSTANPONTONOWA.PL+kajaki+rafting\/@49.4490676,20.4191696,17z\/data=!3m1!4b1!4m6!3m5!1s0x473e0183fd1375a1:0xc935abee8b2c234!8m2!3d49.4490676!4d20.4217445!16s%2Fg%2F11lf41_w3p?entry=ttu&amp;g_ep=EgoyMDI1MDUwNy4wIKXMDSoASAFQAw%3D%3D\"><strong>Parking link Kro\u015bcienko ul. Sobieskiego<\/strong><\/a><\/p>\n\n\n\n<p><\/p>\n","protected":false},"excerpt":{"rendered":"<p>Lop-Lan Rafting Sp\u0142ywy na Dunajcu ul. Koz\u0142eczyzna 7 34-450 Kro\u015bcienko nad Dunajcem Telefon: +48730140540 e-mail: bkoterba@lop-lan.pl PRZYSTA\u0143 POCZ\u0104TKOWA: PRZYSTA\u0143 KO\u0143COWA: Parking link Kro\u015bcienko ul. Sobieskiego Parking link Kro\u015bcienko ul. Sobieskiego<\/p>\n","protected":false},"author":1,"featured_media":0,"parent":0,"menu_order":0,"comment_status":"closed","ping_status":"closed","template":"","meta":{"footnotes":""},"class_list":["post-28","page","type-page","status-publish","hentry"],"yoast_head":"<!-- This site is optimized with the Yoast SEO Premium plugin v25.1 (Yoast SEO v25.1) - https:\/\/yoast.com\/wordpress\/plugins\/seo\/ -->\n<title>Sp\u0142yw Dunajcem kajaki rafting pontonem loplanrafting.pl<\/title>\n<meta name=\"description\" content=\"NASZA OFERTA - sp\u0142yw kajakiem lub pontonem przez Prze\u0142om Dunajca Oferujemy Pa\u0144stwu sp\u0142yw pontonem lub kajakiem jednym z najpi\u0119kniejszych w Europie prze\u0142om\u00f3w rzecznych\" \/>\n<meta name=\"robots\" content=\"index, follow, max-snippet:-1, max-image-preview:large, max-video-preview:-1\" \/>\n<link rel=\"canonical\" href=\"https:\/\/www.loplanrafting.pl\/index.php\/kontakt\/\" \/>\n<meta property=\"og:locale\" content=\"pl_PL\" \/>\n<meta property=\"og:type\" content=\"article\" \/>\n<meta property=\"og:title\" content=\"KONTAKT\" \/>\n<meta property=\"og:description\" content=\"NASZA OFERTA - sp\u0142yw kajakiem lub pontonem przez Prze\u0142om Dunajca Oferujemy Pa\u0144stwu sp\u0142yw pontonem lub kajakiem jednym z najpi\u0119kniejszych w Europie prze\u0142om\u00f3w rzecznych\" \/>\n<meta property=\"og:url\" content=\"https:\/\/www.loplanrafting.pl\/index.php\/kontakt\/\" \/>\n<meta property=\"og:site_name\" content=\"Lop-Lan Rafting\" \/>\n<meta property=\"article:publisher\" content=\"https:\/\/www.facebook.com\/profile.php?id=100069131384777\" \/>\n<meta property=\"article:modified_time\" content=\"2025-05-25T10:50:15+00:00\" \/>\n<meta name=\"twitter:card\" content=\"summary_large_image\" \/>\n<meta name=\"twitter:label1\" content=\"Szacowany czas czytania\" \/>\n\t<meta name=\"twitter:data1\" content=\"1 minuta\" \/>\n<script type=\"application\/ld+json\" class=\"yoast-schema-graph\">{\"@context\":\"https:\/\/schema.org\",\"@graph\":[{\"@type\":\"WebPage\",\"@id\":\"https:\/\/www.loplanrafting.pl\/index.php\/kontakt\/\",\"url\":\"https:\/\/www.loplanrafting.pl\/index.php\/kontakt\/\",\"name\":\"Sp\u0142yw Dunajcem kajaki rafting pontonem loplanrafting.pl\",\"isPartOf\":{\"@id\":\"https:\/\/www.loplanrafting.pl\/#website\"},\"datePublished\":\"2022-01-27T11:01:21+00:00\",\"dateModified\":\"2025-05-25T10:50:15+00:00\",\"description\":\"NASZA OFERTA - sp\u0142yw kajakiem lub pontonem przez Prze\u0142om Dunajca Oferujemy Pa\u0144stwu sp\u0142yw pontonem lub kajakiem jednym z najpi\u0119kniejszych w Europie prze\u0142om\u00f3w rzecznych\",\"breadcrumb\":{\"@id\":\"https:\/\/www.loplanrafting.pl\/index.php\/kontakt\/#breadcrumb\"},\"inLanguage\":\"pl-PL\",\"potentialAction\":[{\"@type\":\"ReadAction\",\"target\":[\"https:\/\/www.loplanrafting.pl\/index.php\/kontakt\/\"]}]},{\"@type\":\"BreadcrumbList\",\"@id\":\"https:\/\/www.loplanrafting.pl\/index.php\/kontakt\/#breadcrumb\",\"itemListElement\":[{\"@type\":\"ListItem\",\"position\":1,\"name\":\"Strona g\u0142\u00f3wna\",\"item\":\"https:\/\/www.loplanrafting.pl\/\"},{\"@type\":\"ListItem\",\"position\":2,\"name\":\"KONTAKT\"}]},{\"@type\":\"WebSite\",\"@id\":\"https:\/\/www.loplanrafting.pl\/#website\",\"url\":\"https:\/\/www.loplanrafting.pl\/\",\"name\":\"Lop-Lan Rafting\",\"description\":\"SP\u0141YWY PRZE\u0141OMEM DUNAJCA\",\"publisher\":{\"@id\":\"https:\/\/www.loplanrafting.pl\/#organization\"},\"potentialAction\":[{\"@type\":\"SearchAction\",\"target\":{\"@type\":\"EntryPoint\",\"urlTemplate\":\"https:\/\/www.loplanrafting.pl\/?s={search_term_string}\"},\"query-input\":{\"@type\":\"PropertyValueSpecification\",\"valueRequired\":true,\"valueName\":\"search_term_string\"}}],\"inLanguage\":\"pl-PL\"},{\"@type\":\"Organization\",\"@id\":\"https:\/\/www.loplanrafting.pl\/#organization\",\"name\":\"Lop-Lan Rafting\",\"url\":\"https:\/\/www.loplanrafting.pl\/\",\"logo\":{\"@type\":\"ImageObject\",\"inLanguage\":\"pl-PL\",\"@id\":\"https:\/\/www.loplanrafting.pl\/#\/schema\/logo\/image\/\",\"url\":\"http:\/\/www.loplanrafting.pl\/wp-content\/uploads\/2024\/07\/img_20230628_121048.jpg\",\"contentUrl\":\"http:\/\/www.loplanrafting.pl\/wp-content\/uploads\/2024\/07\/img_20230628_121048.jpg\",\"width\":1250,\"height\":937,\"caption\":\"Lop-Lan Rafting\"},\"image\":{\"@id\":\"https:\/\/www.loplanrafting.pl\/#\/schema\/logo\/image\/\"},\"sameAs\":[\"https:\/\/www.facebook.com\/profile.php?id=100069131384777\"]}]}<\/script>\n<!-- \/ Yoast SEO Premium plugin. -->","yoast_head_json":{"title":"Sp\u0142yw Dunajcem kajaki rafting pontonem loplanrafting.pl","description":"NASZA OFERTA - sp\u0142yw kajakiem lub pontonem przez Prze\u0142om Dunajca Oferujemy Pa\u0144stwu sp\u0142yw pontonem lub kajakiem jednym z najpi\u0119kniejszych w Europie prze\u0142om\u00f3w rzecznych","robots":{"index":"index","follow":"follow","max-snippet":"max-snippet:-1","max-image-preview":"max-image-preview:large","max-video-preview":"max-video-preview:-1"},"canonical":"https:\/\/www.loplanrafting.pl\/index.php\/kontakt\/","og_locale":"pl_PL","og_type":"article","og_title":"KONTAKT","og_description":"NASZA OFERTA - sp\u0142yw kajakiem lub pontonem przez Prze\u0142om Dunajca Oferujemy Pa\u0144stwu sp\u0142yw pontonem lub kajakiem jednym z najpi\u0119kniejszych w Europie prze\u0142om\u00f3w rzecznych","og_url":"https:\/\/www.loplanrafting.pl\/index.php\/kontakt\/","og_site_name":"Lop-Lan Rafting","article_publisher":"https:\/\/www.facebook.com\/profile.php?id=100069131384777","article_modified_time":"2025-05-25T10:50:15+00:00","twitter_card":"summary_large_image","twitter_misc":{"Szacowany czas czytania":"1 minuta"},"schema":{"@context":"https:\/\/schema.org","@graph":[{"@type":"WebPage","@id":"https:\/\/www.loplanrafting.pl\/index.php\/kontakt\/","url":"https:\/\/www.loplanrafting.pl\/index.php\/kontakt\/","name":"Sp\u0142yw Dunajcem kajaki rafting pontonem loplanrafting.pl","isPartOf":{"@id":"https:\/\/www.loplanrafting.pl\/#website"},"datePublished":"2022-01-27T11:01:21+00:00","dateModified":"2025-05-25T10:50:15+00:00","description":"NASZA OFERTA - sp\u0142yw kajakiem lub pontonem przez Prze\u0142om Dunajca Oferujemy Pa\u0144stwu sp\u0142yw pontonem lub kajakiem jednym z najpi\u0119kniejszych w Europie prze\u0142om\u00f3w rzecznych","breadcrumb":{"@id":"https:\/\/www.loplanrafting.pl\/index.php\/kontakt\/#breadcrumb"},"inLanguage":"pl-PL","potentialAction":[{"@type":"ReadAction","target":["https:\/\/www.loplanrafting.pl\/index.php\/kontakt\/"]}]},{"@type":"BreadcrumbList","@id":"https:\/\/www.loplanrafting.pl\/index.php\/kontakt\/#breadcrumb","itemListElement":[{"@type":"ListItem","position":1,"name":"Strona g\u0142\u00f3wna","item":"https:\/\/www.loplanrafting.pl\/"},{"@type":"ListItem","position":2,"name":"KONTAKT"}]},{"@type":"WebSite","@id":"https:\/\/www.loplanrafting.pl\/#website","url":"https:\/\/www.loplanrafting.pl\/","name":"Lop-Lan Rafting","description":"SP\u0141YWY PRZE\u0141OMEM DUNAJCA","publisher":{"@id":"https:\/\/www.loplanrafting.pl\/#organization"},"potentialAction":[{"@type":"SearchAction","target":{"@type":"EntryPoint","urlTemplate":"https:\/\/www.loplanrafting.pl\/?s={search_term_string}"},"query-input":{"@type":"PropertyValueSpecification","valueRequired":true,"valueName":"search_term_string"}}],"inLanguage":"pl-PL"},{"@type":"Organization","@id":"https:\/\/www.loplanrafting.pl\/#organization","name":"Lop-Lan Rafting","url":"https:\/\/www.loplanrafting.pl\/","logo":{"@type":"ImageObject","inLanguage":"pl-PL","@id":"https:\/\/www.loplanrafting.pl\/#\/schema\/logo\/image\/","url":"http:\/\/www.loplanrafting.pl\/wp-content\/uploads\/2024\/07\/img_20230628_121048.jpg","contentUrl":"http:\/\/www.loplanrafting.pl\/wp-content\/uploads\/2024\/07\/img_20230628_121048.jpg","width":1250,"height":937,"caption":"Lop-Lan Rafting"},"image":{"@id":"https:\/\/www.loplanrafting.pl\/#\/schema\/logo\/image\/"},"sameAs":["https:\/\/www.facebook.com\/profile.php?id=100069131384777"]}]}},"_links":{"self":[{"href":"https:\/\/www.loplanrafting.pl\/index.php\/wp-json\/wp\/v2\/pages\/28","targetHints":{"allow":["GET"]}}],"collection":[{"href":"https:\/\/www.loplanrafting.pl\/index.php\/wp-json\/wp\/v2\/pages"}],"about":[{"href":"https:\/\/www.loplanrafting.pl\/index.php\/wp-json\/wp\/v2\/types\/page"}],"author":[{"embeddable":true,"href":"https:\/\/www.loplanrafting.pl\/index.php\/wp-json\/wp\/v2\/users\/1"}],"replies":[{"embeddable":true,"href":"https:\/\/www.loplanrafting.pl\/index.php\/wp-json\/wp\/v2\/comments?post=28"}],"version-history":[{"count":51,"href":"https:\/\/www.loplanrafting.pl\/index.php\/wp-json\/wp\/v2\/pages\/28\/revisions"}],"predecessor-version":[{"id":517,"href":"https:\/\/www.loplanrafting.pl\/index.php\/wp-json\/wp\/v2\/pages\/28\/revisions\/517"}],"wp:attachment":[{"href":"https:\/\/www.loplanrafting.pl\/index.php\/wp-json\/wp\/v2\/media?parent=28"}],"curies":[{"name":"wp","href":"https:\/\/api.w.org\/{rel}","templated":true}]}}